{"id":20,"date":"2018-02-26T14:42:55","date_gmt":"2018-02-26T13:42:55","guid":{"rendered":"http:\/\/anaisruales.com\/?page_id=20"},"modified":"2020-02-02T15:14:11","modified_gmt":"2020-02-02T14:14:11","slug":"a-propos-de","status":"publish","type":"page","link":"https:\/\/anaisruales.com\/index.php\/a-propos-de\/","title":{"rendered":"ABOUT"},"content":{"rendered":"<p style=\"text-align: center;\"><img fetchpriority=\"high\" decoding=\"async\" class=\"aligncenter wp-image-68 \" src=\"http:\/\/anaisruales.com\/wp-content\/uploads\/2018\/02\/SLECTION8FEV-8-1024x684.jpg\" alt=\"\" width=\"590\" height=\"378\" \/><\/p>\n<p style=\"text-align: center;\">Ana\u00efs Ruales<\/p>\n<p style=\"text-align: center;\">Directrice de la photographie \/ R\u00e9alisatrice<\/p>\n<p style=\"text-align: center;\">Dipl\u00f4m\u00e9e\u00a0 de la f\u00e9mis en 2014<\/p>\n<p><em>\u00a0<\/em><\/p>\n","protected":false},"excerpt":{"rendered":"<p>Ana\u00efs Ruales Directrice de la photographie \/ R\u00e9alisatrice Dipl\u00f4m\u00e9e\u00a0 de la f\u00e9mis en 2014 \u00a0<\/p>\n","protected":false},"author":1,"featured_media":0,"parent":0,"menu_order":0,"comment_status":"closed","ping_status":"closed","template":"","meta":{"footnotes":""},"class_list":["post-20","page","type-page","status-publish","hentry"],"_links":{"self":[{"href":"https:\/\/anaisruales.com\/index.php\/wp-json\/wp\/v2\/pages\/20","targetHints":{"allow":["GET"]}}],"collection":[{"href":"https:\/\/anaisruales.com\/index.php\/wp-json\/wp\/v2\/pages"}],"about":[{"href":"https:\/\/anaisruales.com\/index.php\/wp-json\/wp\/v2\/types\/page"}],"author":[{"embeddable":true,"href":"https:\/\/anaisruales.com\/index.php\/wp-json\/wp\/v2\/users\/1"}],"replies":[{"embeddable":true,"href":"https:\/\/anaisruales.com\/index.php\/wp-json\/wp\/v2\/comments?post=20"}],"version-history":[{"count":8,"href":"https:\/\/anaisruales.com\/index.php\/wp-json\/wp\/v2\/pages\/20\/revisions"}],"predecessor-version":[{"id":650,"href":"https:\/\/anaisruales.com\/index.php\/wp-json\/wp\/v2\/pages\/20\/revisions\/650"}],"wp:attachment":[{"href":"https:\/\/anaisruales.com\/index.php\/wp-json\/wp\/v2\/media?parent=20"}],"curies":[{"name":"wp","href":"https:\/\/api.w.org\/{rel}","templated":true}]}}